{"id":193,"date":"2023-01-09T00:15:10","date_gmt":"2023-01-09T00:15:10","guid":{"rendered":"https:\/\/ssefh.com\/?page_id=193"},"modified":"2023-01-09T00:22:53","modified_gmt":"2023-01-09T00:22:53","slug":"asesoramiento-anticrisis","status":"publish","type":"page","link":"https:\/\/ssefh.com\/?page_id=193","title":{"rendered":"Asesoramiento Anticrisis"},"content":{"rendered":"<p>[et_pb_section fb_built=\u00bb1&#8243; admin_label=\u00bbHero\u00bb _builder_version=\u00bb4.19.2&#8243; background_enable_color=\u00bboff\u00bb use_background_color_gradient=\u00bbon\u00bb background_color_gradient_stops=\u00bb#000000 0%|rgba(255,255,255,0) 100%\u00bb background_color_gradient_overlays_image=\u00bbon\u00bb background_image=\u00bbhttps:\/\/ssefh.com\/wp-content\/uploads\/2022\/09\/banner04.jpg\u00bb custom_padding=\u00bb|||\u00bb global_colors_info=\u00bb{}\u00bb][et_pb_row column_structure=\u00bb3_5,2_5&#8243; _builder_version=\u00bb4.16&#8243; background_size=\u00bbinitial\u00bb background_position=\u00bbtop_left\u00bb background_repeat=\u00bbrepeat\u00bb custom_padding=\u00bb27px|0px|27px|0px|false|false\u00bb locked=\u00bboff\u00bb global_colors_info=\u00bb{}\u00bb][et_pb_column type=\u00bb3_5&#8243; _builder_version=\u00bb4.16&#8243; custom_padding=\u00bb|||\u00bb global_colors_info=\u00bb{}\u00bb custom_padding__hover=\u00bb|||\u00bb][et_pb_text _builder_version=\u00bb4.19.2&#8243; text_font=\u00bbAlbert Sans||||||||\u00bb text_font_size=\u00bb20px\u00bb text_line_height=\u00bb1.8em\u00bb header_font=\u00bbOpen Sans|800|||||||\u00bb header_font_size=\u00bb60px\u00bb header_line_height=\u00bb1.3em\u00bb background_size=\u00bbinitial\u00bb background_position=\u00bbtop_left\u00bb background_repeat=\u00bbrepeat\u00bb background_layout=\u00bbdark\u00bb max_width=\u00bb804px\u00bb custom_margin=\u00bb|-42px||||\u00bb custom_padding=\u00bb|0px||||\u00bb header_font_size_tablet=\u00bb50px\u00bb header_font_size_phone=\u00bb40px\u00bb header_font_size_last_edited=\u00bbon|phone\u00bb header_line_height_tablet=\u00bb\u00bb header_line_height_phone=\u00bb\u00bb header_line_height_last_edited=\u00bbon|desktop\u00bb locked=\u00bboff\u00bb global_colors_info=\u00bb{}\u00bb]<\/p>\n<h1 class=\"intro-title mb20\">Asesoramiento anticrisis<\/h1>\n<p><span>Ayudamos a SALIR DE LA CRISIS A TU EMPRESA y a empresas con dificultades.<\/span><\/p>\n<p>[\/et_pb_text][et_pb_button button_url=\u00bbhttps:\/\/ssefh.com\/contacto\/\u00bb url_new_window=\u00bbon\u00bb button_text=\u00bbCONTACTA CON NOSOTROS\u00bb _builder_version=\u00bb4.19.2&#8243; custom_button=\u00bbon\u00bb button_text_size=\u00bb15px\u00bb button_bg_color=\u00bb#12eaa6&#8243; button_border_width=\u00bb0px\u00bb button_border_radius=\u00bb0px\u00bb button_letter_spacing=\u00bb2px\u00bb button_font=\u00bbOpen Sans|700||on|||||\u00bb button_use_icon=\u00bboff\u00bb background_layout=\u00bbdark\u00bb custom_margin=\u00bb||||true\u00bb custom_padding=\u00bb16px|32px|16px|32px|true|true\u00bb button_letter_spacing_hover=\u00bb2px\u00bb button_bg_color_hover=\u00bb#00e2c4&#8243; global_colors_info=\u00bb{}\u00bb button_text_size__hover_enabled=\u00bboff\u00bb button_one_text_size__hover_enabled=\u00bboff\u00bb button_two_text_size__hover_enabled=\u00bboff\u00bb button_text_color__hover_enabled=\u00bboff\u00bb button_one_text_color__hover_enabled=\u00bboff\u00bb button_two_text_color__hover_enabled=\u00bboff\u00bb button_border_width__hover_enabled=\u00bboff\u00bb button_one_border_width__hover_enabled=\u00bboff\u00bb button_two_border_width__hover_enabled=\u00bboff\u00bb button_border_color__hover_enabled=\u00bboff\u00bb button_one_border_color__hover_enabled=\u00bboff\u00bb button_two_border_color__hover_enabled=\u00bboff\u00bb button_border_radius__hover_enabled=\u00bboff\u00bb button_one_border_radius__hover_enabled=\u00bboff\u00bb button_two_border_radius__hover_enabled=\u00bboff\u00bb button_letter_spacing__hover_enabled=\u00bbon\u00bb button_letter_spacing__hover=\u00bb2px\u00bb button_one_letter_spacing__hover_enabled=\u00bboff\u00bb button_two_letter_spacing__hover_enabled=\u00bboff\u00bb button_bg_color__hover_enabled=\u00bbon\u00bb button_bg_color__hover=\u00bb#00e2c4&#8243; button_one_bg_color__hover_enabled=\u00bboff\u00bb button_two_bg_color__hover_enabled=\u00bboff\u00bb][\/et_pb_button][\/et_pb_column][et_pb_column type=\u00bb2_5&#8243; _builder_version=\u00bb4.16&#8243; custom_padding=\u00bb|||\u00bb global_colors_info=\u00bb{}\u00bb custom_padding__hover=\u00bb|||\u00bb][et_pb_image src=\u00bbhttps:\/\/ssefh.com\/wp-content\/uploads\/2022\/09\/ssefh-logo.png\u00bb title_text=\u00bbssefh logo\u00bb _builder_version=\u00bb4.19.2&#8243; _module_preset=\u00bbdefault\u00bb custom_margin=\u00bb18px|||||\u00bb global_colors_info=\u00bb{}\u00bb][\/et_pb_image][\/et_pb_column][\/et_pb_row][\/et_pb_section][et_pb_section fb_built=\u00bb1&#8243; admin_label=\u00bbAbout us\u00bb _builder_version=\u00bb4.16&#8243; custom_padding=\u00bb||12px|||\u00bb global_colors_info=\u00bb{}\u00bb][et_pb_row column_structure=\u00bb1_4,3_4&#8243; _builder_version=\u00bb4.19.2&#8243; max_width=\u00bb1280px\u00bb use_custom_width=\u00bbon\u00bb custom_width_px=\u00bb1280px\u00bb locked=\u00bboff\u00bb global_colors_info=\u00bb{}\u00bb][et_pb_column type=\u00bb1_4&#8243; _builder_version=\u00bb4.16&#8243; custom_padding=\u00bb|||\u00bb global_colors_info=\u00bb{}\u00bb custom_padding__hover=\u00bb|||\u00bb][et_pb_menu _builder_version=\u00bb4.19.2&#8243; _module_preset=\u00bbdefault\u00bb menu_id=\u00bb6&#8243; submenu_direction=\u00bbdownwards\u00bb title_text=\u00bbaece_ssefh\u00bb active_link_color=\u00bb#000000&#8243; hover_enabled=\u00bb0&#8243; sticky_enabled=\u00bb0&#8243; locked=\u00bboff\u00bb][\/et_pb_menu][\/et_pb_column][et_pb_column type=\u00bb3_4&#8243; _builder_version=\u00bb4.16&#8243; custom_padding=\u00bb|||\u00bb global_colors_info=\u00bb{}\u00bb custom_padding__hover=\u00bb|||\u00bb][et_pb_text _builder_version=\u00bb4.19.2&#8243; header_font=\u00bb||||||||\u00bb header_2_font=\u00bb||||||||\u00bb header_3_font=\u00bb||||||||\u00bb header_4_font=\u00bbMontserrat|700||on|||||\u00bb header_4_text_color=\u00bb#a2aab2&#8243; header_4_font_size=\u00bb15px\u00bb header_4_letter_spacing=\u00bb2px\u00bb header_4_line_height=\u00bb1.6em\u00bb max_width_tablet=\u00bb700px\u00bb max_width_phone=\u00bb700px\u00bb max_width_last_edited=\u00bboff|desktop\u00bb custom_margin=\u00bb|||\u00bb custom_margin_tablet=\u00bb|0px||\u00bb custom_margin_phone=\u00bb|0px||\u00bb custom_margin_last_edited=\u00bboff|desktop\u00bb header_2_font_size_tablet=\u00bb30px\u00bb header_2_font_size_last_edited=\u00bboff|desktop\u00bb locked=\u00bboff\u00bb global_colors_info=\u00bb{}\u00bb]<\/p>\n<h4>\u00bfTIENE USTED PROBLEMAS DE DINERO CON SU EMPRESA?<\/h4>\n<p>[\/et_pb_text][et_pb_text _builder_version=\u00bb4.19.2&#8243; header_font=\u00bb||||||||\u00bb header_2_font=\u00bb||||||||\u00bb header_3_font=\u00bb||||||||\u00bb header_4_font=\u00bbMontserrat|700||on|||||\u00bb header_4_text_color=\u00bb#a2aab2&#8243; header_4_font_size=\u00bb15px\u00bb header_4_letter_spacing=\u00bb2px\u00bb header_4_line_height=\u00bb1.6em\u00bb max_width_tablet=\u00bb700px\u00bb max_width_phone=\u00bb700px\u00bb max_width_last_edited=\u00bboff|desktop\u00bb custom_margin=\u00bb|||\u00bb custom_margin_tablet=\u00bb|0px||\u00bb custom_margin_phone=\u00bb|0px||\u00bb custom_margin_last_edited=\u00bboff|desktop\u00bb header_2_font_size_tablet=\u00bb30px\u00bb header_2_font_size_last_edited=\u00bboff|desktop\u00bb locked=\u00bboff\u00bb global_colors_info=\u00bb{}\u00bb]<\/p>\n<h4>\u00bfSE ENCUENTRA SU EMPRESA EN CRISIS?<\/h4>\n<p>[\/et_pb_text][et_pb_text _builder_version=\u00bb4.19.2&#8243; header_font=\u00bb||||||||\u00bb header_2_font=\u00bb||||||||\u00bb header_3_font=\u00bb||||||||\u00bb header_4_font=\u00bbMontserrat|700||on|||||\u00bb header_4_text_color=\u00bb#a2aab2&#8243; header_4_font_size=\u00bb15px\u00bb header_4_letter_spacing=\u00bb2px\u00bb header_4_line_height=\u00bb1.6em\u00bb max_width_tablet=\u00bb700px\u00bb max_width_phone=\u00bb700px\u00bb max_width_last_edited=\u00bboff|desktop\u00bb custom_margin=\u00bb|||\u00bb custom_margin_tablet=\u00bb|0px||\u00bb custom_margin_phone=\u00bb|0px||\u00bb custom_margin_last_edited=\u00bboff|desktop\u00bb header_2_font_size_tablet=\u00bb30px\u00bb header_2_font_size_last_edited=\u00bboff|desktop\u00bb locked=\u00bboff\u00bb global_colors_info=\u00bb{}\u00bb]<\/p>\n<h4>\u00bfDIFICULTADES DE TESORER\u00cdA?<\/h4>\n<p>[\/et_pb_text][et_pb_text _builder_version=\u00bb4.19.2&#8243; text_font=\u00bb||||||||\u00bb text_font_size=\u00bb16px\u00bb text_line_height=\u00bb2em\u00bb header_font=\u00bb||||||||\u00bb header_2_font=\u00bbMontserrat|800|||||||\u00bb header_2_font_size=\u00bb30px\u00bb header_2_line_height=\u00bb1.5em\u00bb header_3_font=\u00bb||||||||\u00bb header_4_font=\u00bb||||||||\u00bb max_width_tablet=\u00bb700px\u00bb max_width_phone=\u00bb700px\u00bb max_width_last_edited=\u00bboff|desktop\u00bb custom_margin=\u00bb|||\u00bb custom_margin_tablet=\u00bb|0px||\u00bb custom_margin_phone=\u00bb|0px||\u00bb custom_margin_last_edited=\u00bboff|desktop\u00bb custom_padding=\u00bb20px|||\u00bb header_2_font_size_tablet=\u00bb30px\u00bb header_2_font_size_phone=\u00bb20px\u00bb header_2_font_size_last_edited=\u00bbon|phone\u00bb border_color_all=\u00bb#12eaa6&#8243; border_width_top=\u00bb2px\u00bb locked=\u00bboff\u00bb global_colors_info=\u00bb{}\u00bb]<\/p>\n<p>Nuestra propuesta sobre c\u00f3mo maniobrar en SU empresa ante la nueva situaci\u00f3n de crisis y\/o resultados negativos.<\/p>\n<p>Analizamos sus recursos y posibilidades, aunamos toda la energ\u00eda en el punto necesario , optimizamos, mejoramos sus debilidades, logramos tesorer\u00eda, y lanzamos de nuevo su producto o servicio.<\/p>\n<p>[\/et_pb_text][et_pb_text _builder_version=\u00bb4.19.2&#8243; header_font=\u00bb||||||||\u00bb header_2_font=\u00bb||||||||\u00bb header_3_font=\u00bb||||||||\u00bb header_4_font=\u00bbMontserrat|700||on|||||\u00bb header_4_text_color=\u00bb#a2aab2&#8243; header_4_font_size=\u00bb15px\u00bb header_4_letter_spacing=\u00bb2px\u00bb header_4_line_height=\u00bb1.6em\u00bb max_width_tablet=\u00bb700px\u00bb max_width_phone=\u00bb700px\u00bb max_width_last_edited=\u00bboff|desktop\u00bb custom_margin=\u00bb|||\u00bb custom_margin_tablet=\u00bb|0px||\u00bb custom_margin_phone=\u00bb|0px||\u00bb custom_margin_last_edited=\u00bboff|desktop\u00bb header_2_font_size_tablet=\u00bb30px\u00bb header_2_font_size_last_edited=\u00bboff|desktop\u00bb locked=\u00bboff\u00bb global_colors_info=\u00bb{}\u00bb]<\/p>\n<h4>Qui\u00e9n interviene<\/h4>\n<p>[\/et_pb_text][et_pb_text _builder_version=\u00bb4.19.2&#8243; text_font=\u00bb||||||||\u00bb text_font_size=\u00bb16px\u00bb text_line_height=\u00bb2em\u00bb header_font=\u00bb||||||||\u00bb header_2_font=\u00bbMontserrat|800|||||||\u00bb header_2_font_size=\u00bb30px\u00bb header_2_line_height=\u00bb1.5em\u00bb header_3_font=\u00bb||||||||\u00bb header_4_font=\u00bb||||||||\u00bb max_width_tablet=\u00bb700px\u00bb max_width_phone=\u00bb700px\u00bb max_width_last_edited=\u00bboff|desktop\u00bb custom_margin=\u00bb|||\u00bb custom_margin_tablet=\u00bb|0px||\u00bb custom_margin_phone=\u00bb|0px||\u00bb custom_margin_last_edited=\u00bboff|desktop\u00bb custom_padding=\u00bb20px|||\u00bb header_2_font_size_tablet=\u00bb30px\u00bb header_2_font_size_phone=\u00bb20px\u00bb header_2_font_size_last_edited=\u00bbon|phone\u00bb border_color_all=\u00bb#12eaa6&#8243; border_width_top=\u00bb2px\u00bb locked=\u00bboff\u00bb global_colors_info=\u00bb{}\u00bb]<\/p>\n<p>Como explicamos en esta web, el equipo de SSEFH es diverso, consecuencia de las distintas aplicaciones que se hacen necesarias, y est\u00e1 listos para adaptar su empresa a este momento complicado de la econom\u00eda.<\/p>\n<p>Nuestros profesionales trabajan con empresas familiares, con peque\u00f1as estructuras, que frecuentemente se componen de alg\u00fan miembro familiar y poco m\u00e1s de un empleado, y con Sociedades de cierta magnitud con plantillas de m\u00e1s de 50 trabajadores. Son economistas y expertos contables que conocen el mercado y legislaci\u00f3n nacional y la implantaci\u00f3n en la CEE de empresas y servicios. Siguiendo un programa de an\u00e1lisis y mejora propio de Ssefh , logramos optimizar todos los procesos, incluidos los econ\u00f3micos , para un correcto ajuste que permita el logro final, esto es, de nuevo desarrollar el \u00e1mbito y objetivos empresariales en nuevos mercados y recuperar la creatividad, excelencia y productividad , que son uno de los pilares de la recuperaci\u00f3n.<\/p>\n<p>Siguiendo con nuestro prop\u00f3sito, recordamos aqu\u00ed que uno de los objetivos fundamentales es \u00abahorrar\u00bb costes de estructura en su empresa, minimizando el empleo de sus Recursos Humanos en tareas mecanizables o ejecutables fuera del seno empresarial , hablando de nuestro propio trabajo. Este enfoque nos hace asequibles y por lo tanto h\u00e1biles para intervenir en una emprea afectada por \u00edndices de p\u00e9rdida y otras dificultades .<\/p>\n<p>[\/et_pb_text][et_pb_text _builder_version=\u00bb4.19.2&#8243; header_font=\u00bb||||||||\u00bb header_2_font=\u00bb||||||||\u00bb header_3_font=\u00bb||||||||\u00bb header_4_font=\u00bbMontserrat|700||on|||||\u00bb header_4_text_color=\u00bb#a2aab2&#8243; header_4_font_size=\u00bb15px\u00bb header_4_letter_spacing=\u00bb2px\u00bb header_4_line_height=\u00bb1.6em\u00bb max_width_tablet=\u00bb700px\u00bb max_width_phone=\u00bb700px\u00bb max_width_last_edited=\u00bboff|desktop\u00bb custom_margin=\u00bb|||\u00bb custom_margin_tablet=\u00bb|0px||\u00bb custom_margin_phone=\u00bb|0px||\u00bb custom_margin_last_edited=\u00bboff|desktop\u00bb header_2_font_size_tablet=\u00bb30px\u00bb header_2_font_size_last_edited=\u00bboff|desktop\u00bb locked=\u00bboff\u00bb global_colors_info=\u00bb{}\u00bb]<\/p>\n<h4>DO<\/h4>\n<p>[\/et_pb_text][et_pb_text _builder_version=\u00bb4.19.2&#8243; text_font=\u00bb||||||||\u00bb text_font_size=\u00bb16px\u00bb text_line_height=\u00bb2em\u00bb header_font=\u00bb||||||||\u00bb header_2_font=\u00bbMontserrat|800|||||||\u00bb header_2_font_size=\u00bb30px\u00bb header_2_line_height=\u00bb1.5em\u00bb header_3_font=\u00bb||||||||\u00bb header_4_font=\u00bb||||||||\u00bb max_width_tablet=\u00bb700px\u00bb max_width_phone=\u00bb700px\u00bb max_width_last_edited=\u00bboff|desktop\u00bb custom_margin=\u00bb|||\u00bb custom_margin_tablet=\u00bb|0px||\u00bb custom_margin_phone=\u00bb|0px||\u00bb custom_margin_last_edited=\u00bboff|desktop\u00bb custom_padding=\u00bb20px|||\u00bb header_2_font_size_tablet=\u00bb30px\u00bb header_2_font_size_phone=\u00bb20px\u00bb header_2_font_size_last_edited=\u00bbon|phone\u00bb border_color_all=\u00bb#12eaa6&#8243; border_width_top=\u00bb2px\u00bb locked=\u00bboff\u00bb global_colors_info=\u00bb{}\u00bb]<\/p>\n<p>Antes de concretar cu\u00e1l es nuestra contribuci\u00f3n al respecto de esta crisis estructural en el \u00e1mbito econ\u00f3mico y empresarial, d\u00e9jenos efectuar un apunte. El Desarrollo Organizacional es el principio de todas las t\u00e9cnicas destinadas a la maduraci\u00f3n del proyecto empresarial, su organizaci\u00f3n, planificaci\u00f3n, incluyendo los Recursos Humanos, t\u00e9cnicos y econ\u00f3micos necesarios.<\/p>\n<p>Al analizar su empresa, enseguida observamos los puntos fuertes, y hacemos part\u00edcipes de ello a todos los recursos, los humanos, los tecnol\u00f3gicos. Esto incluye su forma de proceder, de fabricar, de relacionarse con proveedores y clientes, con los empleados y directivos. Es la cultura de su empresa, su personalidad, y nosotros la mejoramos, de com\u00fan acuerdo, adaptando su estilo a la necesidad del mercado m\u00e1s inmediata. Y movilizamos a todos, nadie puede quedar al margen de este objetivo. Para ellos ponemos a su disposici\u00f3n un agente experto en motivar los cambios necesarios, siempre dentro de su cultura y riqueza empresarial. Creemos que sus recursos han sido suficientes durante un tiempo, y no deben desaprovecharse. Detr\u00e1s de cada acci\u00f3n hay una estrategia o t\u00e1ctica que hacemos nuestra para la mejora continua. Al acabar este proceso puede plantearse su normalizaci\u00f3n mediante una norma ISO.<\/p>\n<p>[\/et_pb_text][et_pb_text _builder_version=\u00bb4.19.2&#8243; header_font=\u00bb||||||||\u00bb header_2_font=\u00bb||||||||\u00bb header_3_font=\u00bb||||||||\u00bb header_4_font=\u00bbMontserrat|700||on|||||\u00bb header_4_text_color=\u00bb#a2aab2&#8243; header_4_font_size=\u00bb15px\u00bb header_4_letter_spacing=\u00bb2px\u00bb header_4_line_height=\u00bb1.6em\u00bb max_width_tablet=\u00bb700px\u00bb max_width_phone=\u00bb700px\u00bb max_width_last_edited=\u00bboff|desktop\u00bb custom_margin=\u00bb|||\u00bb custom_margin_tablet=\u00bb|0px||\u00bb custom_margin_phone=\u00bb|0px||\u00bb custom_margin_last_edited=\u00bboff|desktop\u00bb header_2_font_size_tablet=\u00bb30px\u00bb header_2_font_size_last_edited=\u00bboff|desktop\u00bb locked=\u00bboff\u00bb global_colors_info=\u00bb{}\u00bb]<\/p>\n<h4>La intervenci\u00f3n<\/h4>\n<p>[\/et_pb_text][et_pb_text _builder_version=\u00bb4.19.2&#8243; text_font=\u00bb||||||||\u00bb text_font_size=\u00bb16px\u00bb text_line_height=\u00bb2em\u00bb header_font=\u00bb||||||||\u00bb header_2_font=\u00bbMontserrat|800|||||||\u00bb header_2_font_size=\u00bb30px\u00bb header_2_line_height=\u00bb1.5em\u00bb header_3_font=\u00bb||||||||\u00bb header_4_font=\u00bb||||||||\u00bb max_width_tablet=\u00bb700px\u00bb max_width_phone=\u00bb700px\u00bb max_width_last_edited=\u00bboff|desktop\u00bb custom_margin=\u00bb|||\u00bb custom_margin_tablet=\u00bb|0px||\u00bb custom_margin_phone=\u00bb|0px||\u00bb custom_margin_last_edited=\u00bboff|desktop\u00bb custom_padding=\u00bb20px|||\u00bb header_2_font_size_tablet=\u00bb30px\u00bb header_2_font_size_phone=\u00bb20px\u00bb header_2_font_size_last_edited=\u00bbon|phone\u00bb border_color_all=\u00bb#12eaa6&#8243; border_width_top=\u00bb2px\u00bb locked=\u00bboff\u00bb global_colors_info=\u00bb{}\u00bb]<\/p>\n<p>En el momento actual no es posible un abordaje caro y separado de la necesidad empresarial. Pero en ning\u00fan caso podemos perder la excelencia , la motivaci\u00f3n, creatividad y dedicaci\u00f3n y una metodolog\u00eda para abordar las dificultades , que son los valores y m\u00e9todos que realmente motorizan el cambio y adaptaci\u00f3n econ\u00f3micos de una Sociedad Mercantil.<\/p>\n<p>Nuestra propuesta incluye un an\u00e1lisis de necesidades y requerimientos muy r\u00e1pido, encontrando antes de nada el punto de mayor debilidad econ\u00f3mica de su empresa y una propuesta de intervenci\u00f3n salvaeconom\u00edas.<\/p>\n<p>Al tiempo que contenemos el punto\/s que posibilitan esa debilidad, proponemos acciones de mejora inmediata, m\u00e1s all\u00e1 del ajuste. Nuevos mercados se establecen en todo el mundo, y no todas las econom\u00edas est\u00e1n en crisis.<\/p>\n<p>Al mismo tiempo aspectos como la diversificaci\u00f3n del riesgo o la ampliaci\u00f3n del margen de negocio, pueden cambiar nuestra fisonom\u00eda empresarial en un a\u00f1o o dos.<\/p>\n<p>Les proponemos un an\u00e1lisis cuanto antes, de su actividad y ciclos econ\u00f3micos, de coste somero y adaptado, para poder llegar a las propuestas que ya han salvado otras empresas.<\/p>\n<p>[\/et_pb_text][\/et_pb_column][\/et_pb_row][\/et_pb_section]<\/p>\n","protected":false},"excerpt":{"rendered":"<p>Asesoramiento anticrisis Ayudamos a SALIR DE LA CRISIS A TU EMPRESA y a empresas con dificultades.\u00bfTIENE USTED PROBLEMAS DE DINERO CON SU EMPRESA?\u00bfSE ENCUENTRA SU EMPRESA EN CRISIS?\u00bfDIFICULTADES DE TESORER\u00cdA?Nuestra propuesta sobre c\u00f3mo maniobrar en SU empresa ante la nueva situaci\u00f3n de crisis y\/o resultados negativos. Analizamos sus recursos y posibilidades, aunamos toda la energ\u00eda [&hellip;]<\/p>\n","protected":false},"author":2,"featured_media":0,"parent":0,"menu_order":0,"comment_status":"closed","ping_status":"closed","template":"","meta":{"_et_pb_use_builder":"on","_et_pb_old_content":"","_et_gb_content_width":"","footnotes":""},"class_list":["post-193","page","type-page","status-publish","hentry"],"_links":{"self":[{"href":"https:\/\/ssefh.com\/index.php?rest_route=\/wp\/v2\/pages\/193","targetHints":{"allow":["GET"]}}],"collection":[{"href":"https:\/\/ssefh.com\/index.php?rest_route=\/wp\/v2\/pages"}],"about":[{"href":"https:\/\/ssefh.com\/index.php?rest_route=\/wp\/v2\/types\/page"}],"author":[{"embeddable":true,"href":"https:\/\/ssefh.com\/index.php?rest_route=\/wp\/v2\/users\/2"}],"replies":[{"embeddable":true,"href":"https:\/\/ssefh.com\/index.php?rest_route=%2Fwp%2Fv2%2Fcomments&post=193"}],"version-history":[{"count":4,"href":"https:\/\/ssefh.com\/index.php?rest_route=\/wp\/v2\/pages\/193\/revisions"}],"predecessor-version":[{"id":212,"href":"https:\/\/ssefh.com\/index.php?rest_route=\/wp\/v2\/pages\/193\/revisions\/212"}],"wp:attachment":[{"href":"https:\/\/ssefh.com\/index.php?rest_route=%2Fwp%2Fv2%2Fmedia&parent=193"}],"curies":[{"name":"wp","href":"https:\/\/api.w.org\/{rel}","templated":true}]}}