{"id":159,"date":"2023-01-06T13:30:43","date_gmt":"2023-01-06T13:30:43","guid":{"rendered":"https:\/\/ssefh.com\/?page_id=159"},"modified":"2023-01-06T13:30:43","modified_gmt":"2023-01-06T13:30:43","slug":"contabilidad-barcelona","status":"publish","type":"page","link":"https:\/\/ssefh.com\/?page_id=159","title":{"rendered":"Contabilidad Barcelona"},"content":{"rendered":"<p>[et_pb_section fb_built=\u00bb1&#8243; admin_label=\u00bbHero\u00bb _builder_version=\u00bb4.19.2&#8243; background_enable_color=\u00bboff\u00bb use_background_color_gradient=\u00bbon\u00bb background_color_gradient_stops=\u00bb#000000 0%|rgba(255,255,255,0) 100%\u00bb background_color_gradient_overlays_image=\u00bbon\u00bb background_image=\u00bbhttps:\/\/ssefh.com\/wp-content\/uploads\/2022\/09\/banner02.jpg\u00bb custom_padding=\u00bb|||\u00bb global_colors_info=\u00bb{}\u00bb theme_builder_area=\u00bbpost_content\u00bb][et_pb_row column_structure=\u00bb3_5,2_5&#8243; _builder_version=\u00bb4.16&#8243; background_size=\u00bbinitial\u00bb background_position=\u00bbtop_left\u00bb background_repeat=\u00bbrepeat\u00bb custom_padding=\u00bb27px|0px|27px|0px|false|false\u00bb locked=\u00bboff\u00bb global_colors_info=\u00bb{}\u00bb theme_builder_area=\u00bbpost_content\u00bb][et_pb_column type=\u00bb3_5&#8243; _builder_version=\u00bb4.16&#8243; custom_padding=\u00bb|||\u00bb global_colors_info=\u00bb{}\u00bb custom_padding__hover=\u00bb|||\u00bb theme_builder_area=\u00bbpost_content\u00bb][et_pb_text _builder_version=\u00bb4.19.2&#8243; text_font=\u00bbAlbert Sans||||||||\u00bb text_font_size=\u00bb20px\u00bb text_line_height=\u00bb1.8em\u00bb header_font=\u00bbOpen Sans|800|||||||\u00bb header_font_size=\u00bb60px\u00bb header_line_height=\u00bb1.3em\u00bb background_size=\u00bbinitial\u00bb background_position=\u00bbtop_left\u00bb background_repeat=\u00bbrepeat\u00bb background_layout=\u00bbdark\u00bb max_width=\u00bb804px\u00bb custom_margin=\u00bb|-42px||||\u00bb custom_margin_tablet=\u00bb|100px||\u00bb custom_margin_phone=\u00bb|30px||\u00bb custom_margin_last_edited=\u00bboff|desktop\u00bb custom_padding=\u00bb|0px||||\u00bb hover_enabled=\u00bb0&#8243; header_font_size_tablet=\u00bb50px\u00bb header_font_size_phone=\u00bb40px\u00bb header_font_size_last_edited=\u00bbon|phone\u00bb header_line_height_tablet=\u00bb\u00bb header_line_height_phone=\u00bb\u00bb header_line_height_last_edited=\u00bbon|desktop\u00bb locked=\u00bboff\u00bb global_colors_info=\u00bb{}\u00bb theme_builder_area=\u00bbpost_content\u00bb sticky_enabled=\u00bb0&#8243;]<\/p>\n<h1>Contabilidad Barcelona<\/h1>\n<p><span>Mantenemos una conexi\u00f3n constante con nuestros clientes on-line<\/span><br \/><span>Aprendemos juntos, ahorramos juntos.<\/span><\/p>\n<p>[\/et_pb_text][et_pb_button button_url=\u00bbhttps:\/\/ssefh.com\/contacto\/\u00bb url_new_window=\u00bbon\u00bb button_text=\u00bbCONTACTA CON NOSOTROS\u00bb _builder_version=\u00bb4.19.2&#8243; custom_button=\u00bbon\u00bb button_text_size=\u00bb15px\u00bb button_bg_color=\u00bb#12eaa6&#8243; button_border_width=\u00bb0px\u00bb button_border_radius=\u00bb0px\u00bb button_letter_spacing=\u00bb2px\u00bb button_font=\u00bbOpen Sans|700||on|||||\u00bb button_use_icon=\u00bboff\u00bb background_layout=\u00bbdark\u00bb custom_margin=\u00bb||||true\u00bb custom_padding=\u00bb16px|32px|16px|32px|true|true\u00bb button_letter_spacing_hover=\u00bb2px\u00bb button_bg_color_hover=\u00bb#00e2c4&#8243; global_colors_info=\u00bb{}\u00bb button_text_size__hover_enabled=\u00bboff\u00bb button_one_text_size__hover_enabled=\u00bboff\u00bb button_two_text_size__hover_enabled=\u00bboff\u00bb button_text_color__hover_enabled=\u00bboff\u00bb button_one_text_color__hover_enabled=\u00bboff\u00bb button_two_text_color__hover_enabled=\u00bboff\u00bb button_border_width__hover_enabled=\u00bboff\u00bb button_one_border_width__hover_enabled=\u00bboff\u00bb button_two_border_width__hover_enabled=\u00bboff\u00bb button_border_color__hover_enabled=\u00bboff\u00bb button_one_border_color__hover_enabled=\u00bboff\u00bb button_two_border_color__hover_enabled=\u00bboff\u00bb button_border_radius__hover_enabled=\u00bboff\u00bb button_one_border_radius__hover_enabled=\u00bboff\u00bb button_two_border_radius__hover_enabled=\u00bboff\u00bb button_letter_spacing__hover_enabled=\u00bbon\u00bb button_letter_spacing__hover=\u00bb2px\u00bb button_one_letter_spacing__hover_enabled=\u00bboff\u00bb button_two_letter_spacing__hover_enabled=\u00bboff\u00bb button_bg_color__hover_enabled=\u00bbon\u00bb button_bg_color__hover=\u00bb#00e2c4&#8243; button_one_bg_color__hover_enabled=\u00bboff\u00bb button_two_bg_color__hover_enabled=\u00bboff\u00bb theme_builder_area=\u00bbpost_content\u00bb][\/et_pb_button][\/et_pb_column][et_pb_column type=\u00bb2_5&#8243; _builder_version=\u00bb4.16&#8243; custom_padding=\u00bb|||\u00bb global_colors_info=\u00bb{}\u00bb custom_padding__hover=\u00bb|||\u00bb theme_builder_area=\u00bbpost_content\u00bb][et_pb_image src=\u00bbhttps:\/\/ssefh.com\/wp-content\/uploads\/2022\/09\/ssefh-logo.png\u00bb title_text=\u00bbssefh logo\u00bb _builder_version=\u00bb4.19.2&#8243; _module_preset=\u00bbdefault\u00bb custom_margin=\u00bb18px|||||\u00bb global_colors_info=\u00bb{}\u00bb theme_builder_area=\u00bbpost_content\u00bb][\/et_pb_image][\/et_pb_column][\/et_pb_row][\/et_pb_section][et_pb_section fb_built=\u00bb1&#8243; admin_label=\u00bbAbout us\u00bb _builder_version=\u00bb4.16&#8243; global_colors_info=\u00bb{}\u00bb theme_builder_area=\u00bbpost_content\u00bb][et_pb_row column_structure=\u00bb1_2,1_2&#8243; _builder_version=\u00bb4.16&#8243; max_width=\u00bb1280px\u00bb use_custom_width=\u00bbon\u00bb custom_width_px=\u00bb1280px\u00bb locked=\u00bboff\u00bb global_colors_info=\u00bb{}\u00bb theme_builder_area=\u00bbpost_content\u00bb][et_pb_column type=\u00bb1_2&#8243; _builder_version=\u00bb4.16&#8243; custom_padding=\u00bb|||\u00bb global_colors_info=\u00bb{}\u00bb custom_padding__hover=\u00bb|||\u00bb theme_builder_area=\u00bbpost_content\u00bb][et_pb_text _builder_version=\u00bb4.19.2&#8243; header_font=\u00bb||||||||\u00bb header_2_font=\u00bb||||||||\u00bb header_3_font=\u00bb||||||||\u00bb header_4_font=\u00bbMontserrat|700||on|||||\u00bb header_4_text_color=\u00bb#a2aab2&#8243; header_4_font_size=\u00bb15px\u00bb header_4_letter_spacing=\u00bb2px\u00bb header_4_line_height=\u00bb1.6em\u00bb max_width_tablet=\u00bb700px\u00bb max_width_phone=\u00bb700px\u00bb max_width_last_edited=\u00bboff|desktop\u00bb custom_margin=\u00bb|||\u00bb custom_margin_tablet=\u00bb|0px||\u00bb custom_margin_phone=\u00bb|0px||\u00bb custom_margin_last_edited=\u00bboff|desktop\u00bb hover_enabled=\u00bb0&#8243; header_2_font_size_tablet=\u00bb30px\u00bb header_2_font_size_last_edited=\u00bboff|desktop\u00bb locked=\u00bboff\u00bb global_colors_info=\u00bb{}\u00bb theme_builder_area=\u00bbpost_content\u00bb sticky_enabled=\u00bb0&#8243;]<\/p>\n<h4>CONTABILIDAD BARCELONA<\/h4>\n<p>[\/et_pb_text][et_pb_text _builder_version=\u00bb4.19.2&#8243; text_font=\u00bb||||||||\u00bb text_font_size=\u00bb16px\u00bb text_line_height=\u00bb2em\u00bb header_font=\u00bb||||||||\u00bb header_2_font=\u00bbMontserrat|800|||||||\u00bb header_2_font_size=\u00bb30px\u00bb header_2_line_height=\u00bb1.5em\u00bb header_3_font=\u00bb||||||||\u00bb header_4_font=\u00bb||||||||\u00bb max_width_tablet=\u00bb700px\u00bb max_width_phone=\u00bb700px\u00bb max_width_last_edited=\u00bboff|desktop\u00bb custom_margin=\u00bb|||\u00bb custom_margin_tablet=\u00bb|0px||\u00bb custom_margin_phone=\u00bb|0px||\u00bb custom_margin_last_edited=\u00bboff|desktop\u00bb custom_padding=\u00bb20px|||\u00bb hover_enabled=\u00bb0&#8243; header_2_font_size_tablet=\u00bb30px\u00bb header_2_font_size_phone=\u00bb20px\u00bb header_2_font_size_last_edited=\u00bbon|phone\u00bb border_color_all=\u00bb#12eaa6&#8243; border_width_top=\u00bb2px\u00bb locked=\u00bboff\u00bb global_colors_info=\u00bb{}\u00bb theme_builder_area=\u00bbpost_content\u00bb sticky_enabled=\u00bb0&#8243;]<\/p>\n<p>D\u00edganos si necesita gestionar su contabilidad; saber llevar sus libros de gastos, que confeccionemos una contabilidad o simplemente que presentemos los impuestos y declaraciones en Hacienda.Nosotros intervenimos en su contabilidad donde nos solicite. Si nos facilita sus datos, sus facturas, si es necesario su listado bancario, le mantenemos informado sobre el estado de su negocio antes de que lleguen los d\u00edas m\u00e1s complicados, los d\u00edas de declaraci\u00f3n y pago de tributos.Por otro lado cuidamos adem\u00e1s de las posibilidades legales de que sus pagos sean menores, siempre usando todas las posibilidades de su contabilidad.Como nuestro servicio ocurre en su despacho le podremos dar buenas ideas sobre la manera de guardar la documentaci\u00f3n ya pensando en crear archivos \u00fatiles si Hacienda nos pide alg\u00fan dato. Fiscalidad pr\u00e1ctica y a su alcance.<\/p>\n<p>En colaboraci\u00f3n estrecha con el cliente, elaboramos la contabilidad seg\u00fan el PGC y siguiendo las motivaciones del mismo, adecuamos la descripci\u00f3n econ\u00f3mica, dentro del marco fiscal que la Ley exige y que la valoraci\u00f3n de la contabilidad permita. Para nosotros este es el fundamento del que derivar\u00e1n el resto de obligaciones tributarias, de las que informamos siempre a priori, haciendo conocedor al administrador de su cuant\u00eda y maniobrabilidad concreta en cada momento de la empresa en las entrevistas peri\u00f3dicas de control que concertamos para su contabilidad.<\/p>\n<p>Mantenemos una conexi\u00f3n constante con nuestros clientes on-line (que adem\u00e1s supervisa y alimenta su propio consultor asignado) sobre<\/p>\n<p>&nbsp;<\/p>\n<ul>\n<li>Novedades legislativas<\/li>\n<li>Diario<\/li>\n<li>Mayor<\/li>\n<li>Cuenta de P\u00e9rdidas y Ganancias<\/li>\n<li>Balance de Situaci\u00f3n<\/li>\n<li>Balance de Sumas y Saldos<\/li>\n<li>Estado de Cambio del Patrimonio Neto<\/li>\n<li>Libro de facturas emitidas y recibidas<\/li>\n<li>las liquidaciones de hacienda tanto trimestrales como anuales a las que su empresa se encuentre obligado.<\/li>\n<li>Y los declarativos que son gestionados telem\u00e1ticamente y enviados en su cuenta privada en nuestra empresa de gesti\u00f3n.<\/li>\n<\/ul>\n<p>[\/et_pb_text][et_pb_image src=\u00bbhttps:\/\/ssefh.com\/wp-content\/uploads\/2023\/01\/law-firm-08.jpg\u00bb align_tablet=\u00bbcenter\u00bb align_phone=\u00bbcenter\u00bb align_last_edited=\u00bbon|desktop\u00bb _builder_version=\u00bb4.16&#8243; max_width=\u00bb72.9%\u00bb max_width_tablet=\u00bb\u00bb max_width_phone=\u00bb\u00bb max_width_last_edited=\u00bbon|tablet\u00bb module_alignment=\u00bbright\u00bb custom_margin=\u00bb|||134px||\u00bb custom_padding=\u00bb|||0px||\u00bb animation_style=\u00bbslide\u00bb animation_direction=\u00bbleft\u00bb animation_delay=\u00bb200ms\u00bb animation_intensity_slide=\u00bb10%\u00bb locked=\u00bboff\u00bb global_colors_info=\u00bb{}\u00bb theme_builder_area=\u00bbpost_content\u00bb][\/et_pb_image][\/et_pb_column][et_pb_column type=\u00bb1_2&#8243; _builder_version=\u00bb4.16&#8243; custom_padding=\u00bb14%|||\u00bb custom_padding_tablet=\u00bb0%|||\u00bb custom_padding_phone=\u00bb0%|||\u00bb custom_padding_last_edited=\u00bbon|desktop\u00bb global_colors_info=\u00bb{}\u00bb padding_tablet=\u00bb0%|||\u00bb padding_last_edited=\u00bbon|desktop\u00bb custom_padding__hover=\u00bb|||\u00bb padding_phone=\u00bb0%|||\u00bb theme_builder_area=\u00bbpost_content\u00bb][et_pb_image src=\u00bbhttps:\/\/ssefh.com\/wp-content\/uploads\/2023\/01\/law-firm-03.jpg\u00bb align_tablet=\u00bbcenter\u00bb align_phone=\u00bbcenter\u00bb align_last_edited=\u00bbon|desktop\u00bb _builder_version=\u00bb4.16&#8243; max_width=\u00bb70%\u00bb max_width_tablet=\u00bb\u00bb max_width_phone=\u00bb\u00bb max_width_last_edited=\u00bbon|tablet\u00bb animation_style=\u00bbslide\u00bb animation_direction=\u00bbright\u00bb animation_delay=\u00bb400ms\u00bb animation_intensity_slide=\u00bb10%\u00bb global_colors_info=\u00bb{}\u00bb theme_builder_area=\u00bbpost_content\u00bb][\/et_pb_image][et_pb_text _builder_version=\u00bb4.19.2&#8243; header_font=\u00bb||||||||\u00bb header_2_font=\u00bb||||||||\u00bb header_3_font=\u00bb||||||||\u00bb header_4_font=\u00bbMontserrat|700||on|||||\u00bb header_4_text_color=\u00bb#a2aab2&#8243; header_4_font_size=\u00bb15px\u00bb header_4_letter_spacing=\u00bb2px\u00bb header_4_line_height=\u00bb1.6em\u00bb max_width_tablet=\u00bb700px\u00bb max_width_phone=\u00bb700px\u00bb max_width_last_edited=\u00bboff|desktop\u00bb custom_margin=\u00bb|||\u00bb custom_margin_tablet=\u00bb|0px||\u00bb custom_margin_phone=\u00bb|0px||\u00bb custom_margin_last_edited=\u00bboff|desktop\u00bb hover_enabled=\u00bb0&#8243; header_2_font_size_tablet=\u00bb30px\u00bb header_2_font_size_last_edited=\u00bboff|desktop\u00bb locked=\u00bboff\u00bb global_colors_info=\u00bb{}\u00bb theme_builder_area=\u00bbpost_content\u00bb sticky_enabled=\u00bb0&#8243;]<\/p>\n<h4>Le ayudamos. Aprendemos juntos.<\/h4>\n<p>[\/et_pb_text][et_pb_text _builder_version=\u00bb4.19.2&#8243; text_font=\u00bb||||||||\u00bb text_font_size=\u00bb16px\u00bb text_line_height=\u00bb2em\u00bb header_font=\u00bb||||||||\u00bb header_2_font=\u00bbMontserrat|800|||||||\u00bb header_2_font_size=\u00bb30px\u00bb header_2_line_height=\u00bb1.5em\u00bb header_3_font=\u00bb||||||||\u00bb header_4_font=\u00bb||||||||\u00bb max_width_tablet=\u00bb700px\u00bb max_width_phone=\u00bb700px\u00bb max_width_last_edited=\u00bboff|desktop\u00bb custom_margin=\u00bb|||\u00bb custom_margin_tablet=\u00bb|0px||\u00bb custom_margin_phone=\u00bb|0px||\u00bb custom_margin_last_edited=\u00bboff|desktop\u00bb custom_padding=\u00bb20px|||\u00bb hover_enabled=\u00bb0&#8243; header_2_font_size_tablet=\u00bb30px\u00bb header_2_font_size_phone=\u00bb20px\u00bb header_2_font_size_last_edited=\u00bbon|phone\u00bb border_color_all=\u00bb#12eaa6&#8243; border_width_top=\u00bb2px\u00bb locked=\u00bboff\u00bb global_colors_info=\u00bb{}\u00bb theme_builder_area=\u00bbpost_content\u00bb sticky_enabled=\u00bb0&#8243;]<\/p>\n<p>Al mismo tiempo que le aconsejamos sobre la forma de llevar los ingreso sy gastos, o le damos forma contable, y prevenimos los tributos, declaramos en Hacienda, etc. pretendemos que Vd. aprenda y sepa lo que hacemos en su contabilidad.Partimos de la base de que cuanto m\u00e1s sepa de su negocio en cuanto a la preparaci\u00f3n e interpretaci\u00f3n de los n\u00fameros que se declaran, mejor lo haremos todos.Algo que nos ocurre a menudo es que quien colabora con nuestro consultor cada d\u00eda sabe m\u00e1s y forma parte de nuestro equipo.<\/p>\n<p>Y no solo sobre la marcha, sin\u00f3 que ocasionalmente dedicamos una consultor\u00eda de contabilidad solo a formarle. El compromiso y la consultor\u00eda ejercitada con nuestros colaboradores es integral. Eso obliga a estar atento respecto de otros temas, como la ayuda en la elaboraci\u00f3n de Libros de Requerimientos en la etapa de an\u00e1lisis antes de poner en marcha una plataforma inform\u00e1tica, a intervenir en Selecci\u00f3n de Personal, confecci\u00f3n de n\u00f3minas y TC, asesoramiento laboral, etc.<\/p>\n<p>[\/et_pb_text][et_pb_text _builder_version=\u00bb4.19.2&#8243; header_font=\u00bb||||||||\u00bb header_2_font=\u00bb||||||||\u00bb header_3_font=\u00bb||||||||\u00bb header_4_font=\u00bbMontserrat|700||on|||||\u00bb header_4_text_color=\u00bb#a2aab2&#8243; header_4_font_size=\u00bb15px\u00bb header_4_letter_spacing=\u00bb2px\u00bb header_4_line_height=\u00bb1.6em\u00bb max_width_tablet=\u00bb700px\u00bb max_width_phone=\u00bb700px\u00bb max_width_last_edited=\u00bboff|desktop\u00bb custom_margin=\u00bb|||\u00bb custom_margin_tablet=\u00bb|0px||\u00bb custom_margin_phone=\u00bb|0px||\u00bb custom_margin_last_edited=\u00bboff|desktop\u00bb hover_enabled=\u00bb0&#8243; header_2_font_size_tablet=\u00bb30px\u00bb header_2_font_size_last_edited=\u00bboff|desktop\u00bb locked=\u00bboff\u00bb global_colors_info=\u00bb{}\u00bb theme_builder_area=\u00bbpost_content\u00bb sticky_enabled=\u00bb0&#8243;]<\/p>\n<h4>Formaci\u00f3n en contabilidad<\/h4>\n<p>[\/et_pb_text][et_pb_text _builder_version=\u00bb4.19.2&#8243; text_font=\u00bb||||||||\u00bb text_font_size=\u00bb16px\u00bb text_line_height=\u00bb2em\u00bb header_font=\u00bb||||||||\u00bb header_2_font=\u00bbMontserrat|800|||||||\u00bb header_2_font_size=\u00bb30px\u00bb header_2_line_height=\u00bb1.5em\u00bb header_3_font=\u00bb||||||||\u00bb header_4_font=\u00bb||||||||\u00bb max_width_tablet=\u00bb700px\u00bb max_width_phone=\u00bb700px\u00bb max_width_last_edited=\u00bboff|desktop\u00bb custom_margin=\u00bb|||\u00bb custom_margin_tablet=\u00bb|0px||\u00bb custom_margin_phone=\u00bb|0px||\u00bb custom_margin_last_edited=\u00bboff|desktop\u00bb custom_padding=\u00bb20px|||\u00bb hover_enabled=\u00bb0&#8243; header_2_font_size_tablet=\u00bb30px\u00bb header_2_font_size_phone=\u00bb20px\u00bb header_2_font_size_last_edited=\u00bbon|phone\u00bb border_color_all=\u00bb#12eaa6&#8243; border_width_top=\u00bb2px\u00bb locked=\u00bboff\u00bb global_colors_info=\u00bb{}\u00bb theme_builder_area=\u00bbpost_content\u00bb sticky_enabled=\u00bb0&#8243;]<\/p>\n<p><span>Siempre en paralelo a nuestro servicio consultor-contable, solicitamos una\/s persona\/s de contacto habitual. Siendo la encargada de vincularnos con lo descriptivo, la formamos a ese nivel, lo que redunda en bien de la administraci\u00f3n y el flujo de informaci\u00f3n entre ustedes y nosotros.<\/span><\/p>\n<p>[\/et_pb_text][\/et_pb_column][\/et_pb_row][\/et_pb_section]<\/p>\n","protected":false},"excerpt":{"rendered":"<p>Contabilidad Barcelona Mantenemos una conexi\u00f3n constante con nuestros clientes on-lineAprendemos juntos, ahorramos juntos.CONTABILIDAD BARCELONAD\u00edganos si necesita gestionar su contabilidad; saber llevar sus libros de gastos, que confeccionemos una contabilidad o simplemente que presentemos los impuestos y declaraciones en Hacienda.Nosotros intervenimos en su contabilidad donde nos solicite. Si nos facilita sus datos, sus facturas, si es [&hellip;]<\/p>\n","protected":false},"author":2,"featured_media":0,"parent":0,"menu_order":0,"comment_status":"closed","ping_status":"closed","template":"","meta":{"_et_pb_use_builder":"on","_et_pb_old_content":"","_et_gb_content_width":"","footnotes":""},"class_list":["post-159","page","type-page","status-publish","hentry"],"_links":{"self":[{"href":"https:\/\/ssefh.com\/index.php?rest_route=\/wp\/v2\/pages\/159","targetHints":{"allow":["GET"]}}],"collection":[{"href":"https:\/\/ssefh.com\/index.php?rest_route=\/wp\/v2\/pages"}],"about":[{"href":"https:\/\/ssefh.com\/index.php?rest_route=\/wp\/v2\/types\/page"}],"author":[{"embeddable":true,"href":"https:\/\/ssefh.com\/index.php?rest_route=\/wp\/v2\/users\/2"}],"replies":[{"embeddable":true,"href":"https:\/\/ssefh.com\/index.php?rest_route=%2Fwp%2Fv2%2Fcomments&post=159"}],"version-history":[{"count":2,"href":"https:\/\/ssefh.com\/index.php?rest_route=\/wp\/v2\/pages\/159\/revisions"}],"predecessor-version":[{"id":162,"href":"https:\/\/ssefh.com\/index.php?rest_route=\/wp\/v2\/pages\/159\/revisions\/162"}],"wp:attachment":[{"href":"https:\/\/ssefh.com\/index.php?rest_route=%2Fwp%2Fv2%2Fmedia&parent=159"}],"curies":[{"name":"wp","href":"https:\/\/api.w.org\/{rel}","templated":true}]}}