{"id":118,"date":"2023-01-06T11:31:26","date_gmt":"2023-01-06T11:31:26","guid":{"rendered":"https:\/\/ssefh.com\/?page_id=118"},"modified":"2023-01-06T13:17:30","modified_gmt":"2023-01-06T13:17:30","slug":"objetivos","status":"publish","type":"page","link":"https:\/\/ssefh.com\/?page_id=118","title":{"rendered":"Objetivos"},"content":{"rendered":"<p>[et_pb_section fb_built=\u00bb1&#8243; admin_label=\u00bbHero\u00bb _builder_version=\u00bb4.19.2&#8243; background_enable_color=\u00bboff\u00bb use_background_color_gradient=\u00bbon\u00bb background_color_gradient_stops=\u00bb#000000 0%|rgba(255,255,255,0) 100%\u00bb background_color_gradient_overlays_image=\u00bbon\u00bb background_image=\u00bbhttps:\/\/ssefh.com\/wp-content\/uploads\/2022\/09\/banner02.jpg\u00bb custom_padding=\u00bb|||\u00bb hover_enabled=\u00bb0&#8243; global_colors_info=\u00bb{}\u00bb theme_builder_area=\u00bbpost_content\u00bb title_text=\u00bbbanner02&#8243; sticky_enabled=\u00bb0&#8243;][et_pb_row _builder_version=\u00bb4.16&#8243; background_size=\u00bbinitial\u00bb background_position=\u00bbtop_left\u00bb background_repeat=\u00bbrepeat\u00bb custom_padding=\u00bb27px|0px|27px|0px|false|false\u00bb global_colors_info=\u00bb{}\u00bb column_structure=\u00bb3_5,2_5&#8243; theme_builder_area=\u00bbpost_content\u00bb locked=\u00bboff\u00bb][et_pb_column type=\u00bb3_5&#8243; _builder_version=\u00bb4.16&#8243; custom_padding=\u00bb|||\u00bb global_colors_info=\u00bb{}\u00bb custom_padding__hover=\u00bb|||\u00bb theme_builder_area=\u00bbpost_content\u00bb][et_pb_text _builder_version=\u00bb4.19.2&#8243; text_font=\u00bbAlbert Sans||||||||\u00bb text_font_size=\u00bb20px\u00bb text_line_height=\u00bb1.8em\u00bb header_font=\u00bbOpen Sans|800|||||||\u00bb header_font_size=\u00bb60px\u00bb header_line_height=\u00bb1.3em\u00bb background_size=\u00bbinitial\u00bb background_position=\u00bbtop_left\u00bb background_repeat=\u00bbrepeat\u00bb background_layout=\u00bbdark\u00bb max_width=\u00bb804px\u00bb custom_margin=\u00bb|-42px||||\u00bb custom_margin_tablet=\u00bb|100px||\u00bb custom_margin_phone=\u00bb|30px||\u00bb custom_margin_last_edited=\u00bboff|desktop\u00bb custom_padding=\u00bb|0px||||\u00bb hover_enabled=\u00bb0&#8243; header_font_size_tablet=\u00bb50px\u00bb header_font_size_phone=\u00bb40px\u00bb header_font_size_last_edited=\u00bbon|phone\u00bb header_line_height_tablet=\u00bb\u00bb header_line_height_phone=\u00bb\u00bb header_line_height_last_edited=\u00bbon|desktop\u00bb locked=\u00bboff\u00bb global_colors_info=\u00bb{}\u00bb theme_builder_area=\u00bbpost_content\u00bb sticky_enabled=\u00bb0&#8243;]<\/p>\n<h1>Objetivos<\/h1>\n<p><span>\u00abAhorrar\u00bb carga de estructura en su emprese, minimizando el empleo de sus Recursos Humanos.<\/span><br \/><span>Disminuir el coste triburatio de tu empresa.<\/span><br \/><span>Que disfrutes de un contable y fiscalista en tu oficina sin contratarlo<\/span><br \/><span>Que la documentaci\u00f3n y la propia contabilidad siempre est\u00e9 en tu despacho.<\/span><\/p>\n<p>[\/et_pb_text][et_pb_button button_url=\u00bbhttps:\/\/ssefh.com\/contacto\/\u00bb url_new_window=\u00bbon\u00bb button_text=\u00bbCONTACTA CON NOSOTROS\u00bb _builder_version=\u00bb4.19.2&#8243; custom_button=\u00bbon\u00bb button_text_size=\u00bb15px\u00bb button_bg_color=\u00bb#12eaa6&#8243; button_border_width=\u00bb0px\u00bb button_border_radius=\u00bb0px\u00bb button_letter_spacing=\u00bb2px\u00bb button_font=\u00bbOpen Sans|700||on|||||\u00bb button_use_icon=\u00bboff\u00bb background_layout=\u00bbdark\u00bb custom_margin=\u00bb||||true\u00bb custom_padding=\u00bb16px|32px|16px|32px|true|true\u00bb button_letter_spacing_hover=\u00bb2px\u00bb button_bg_color_hover=\u00bb#00e2c4&#8243; global_colors_info=\u00bb{}\u00bb button_text_size__hover_enabled=\u00bboff\u00bb button_one_text_size__hover_enabled=\u00bboff\u00bb button_two_text_size__hover_enabled=\u00bboff\u00bb button_text_color__hover_enabled=\u00bboff\u00bb button_one_text_color__hover_enabled=\u00bboff\u00bb button_two_text_color__hover_enabled=\u00bboff\u00bb button_border_width__hover_enabled=\u00bboff\u00bb button_one_border_width__hover_enabled=\u00bboff\u00bb button_two_border_width__hover_enabled=\u00bboff\u00bb button_border_color__hover_enabled=\u00bboff\u00bb button_one_border_color__hover_enabled=\u00bboff\u00bb button_two_border_color__hover_enabled=\u00bboff\u00bb button_border_radius__hover_enabled=\u00bboff\u00bb button_one_border_radius__hover_enabled=\u00bboff\u00bb button_two_border_radius__hover_enabled=\u00bboff\u00bb button_letter_spacing__hover_enabled=\u00bbon\u00bb button_letter_spacing__hover=\u00bb2px\u00bb button_one_letter_spacing__hover_enabled=\u00bboff\u00bb button_two_letter_spacing__hover_enabled=\u00bboff\u00bb button_bg_color__hover_enabled=\u00bbon\u00bb button_bg_color__hover=\u00bb#00e2c4&#8243; button_one_bg_color__hover_enabled=\u00bboff\u00bb button_two_bg_color__hover_enabled=\u00bboff\u00bb theme_builder_area=\u00bbpost_content\u00bb][\/et_pb_button][\/et_pb_column][et_pb_column type=\u00bb2_5&#8243; _builder_version=\u00bb4.16&#8243; custom_padding=\u00bb|||\u00bb global_colors_info=\u00bb{}\u00bb custom_padding__hover=\u00bb|||\u00bb theme_builder_area=\u00bbpost_content\u00bb][et_pb_image src=\u00bbhttps:\/\/ssefh.com\/wp-content\/uploads\/2022\/09\/ssefh-logo.png\u00bb _builder_version=\u00bb4.19.2&#8243; _module_preset=\u00bbdefault\u00bb theme_builder_area=\u00bbpost_content\u00bb hover_enabled=\u00bb0&#8243; sticky_enabled=\u00bb0&#8243; title_text=\u00bbssefh logo\u00bb custom_margin=\u00bb18px|||||\u00bb][\/et_pb_image][\/et_pb_column][\/et_pb_row][\/et_pb_section][et_pb_section fb_built=\u00bb1&#8243; admin_label=\u00bbAbout us\u00bb _builder_version=\u00bb4.16&#8243; global_colors_info=\u00bb{}\u00bb theme_builder_area=\u00bbpost_content\u00bb][et_pb_row column_structure=\u00bb1_2,1_2&#8243; _builder_version=\u00bb4.16&#8243; max_width=\u00bb1280px\u00bb use_custom_width=\u00bbon\u00bb custom_width_px=\u00bb1280px\u00bb global_colors_info=\u00bb{}\u00bb locked=\u00bboff\u00bb theme_builder_area=\u00bbpost_content\u00bb][et_pb_column type=\u00bb1_2&#8243; _builder_version=\u00bb4.16&#8243; custom_padding=\u00bb|||\u00bb global_colors_info=\u00bb{}\u00bb custom_padding__hover=\u00bb|||\u00bb theme_builder_area=\u00bbpost_content\u00bb][et_pb_text _builder_version=\u00bb4.19.2&#8243; header_font=\u00bb||||||||\u00bb header_2_font=\u00bb||||||||\u00bb header_3_font=\u00bb||||||||\u00bb header_4_font=\u00bbMontserrat|700||on|||||\u00bb header_4_text_color=\u00bb#a2aab2&#8243; header_4_font_size=\u00bb15px\u00bb header_4_letter_spacing=\u00bb2px\u00bb header_4_line_height=\u00bb1.6em\u00bb max_width_tablet=\u00bb700px\u00bb max_width_phone=\u00bb700px\u00bb max_width_last_edited=\u00bboff|desktop\u00bb custom_margin=\u00bb|||\u00bb custom_margin_tablet=\u00bb|0px||\u00bb custom_margin_phone=\u00bb|0px||\u00bb custom_margin_last_edited=\u00bboff|desktop\u00bb hover_enabled=\u00bb0&#8243; header_2_font_size_tablet=\u00bb30px\u00bb header_2_font_size_last_edited=\u00bboff|desktop\u00bb locked=\u00bboff\u00bb global_colors_info=\u00bb{}\u00bb theme_builder_area=\u00bbpost_content\u00bb sticky_enabled=\u00bb0&#8243;]<\/p>\n<h4>NUESTRA IDEA<\/h4>\n<p>[\/et_pb_text][et_pb_text _builder_version=\u00bb4.19.2&#8243; text_font=\u00bb||||||||\u00bb text_font_size=\u00bb16px\u00bb text_line_height=\u00bb2em\u00bb header_font=\u00bb||||||||\u00bb header_2_font=\u00bbMontserrat|800|||||||\u00bb header_2_font_size=\u00bb30px\u00bb header_2_line_height=\u00bb1.5em\u00bb header_3_font=\u00bb||||||||\u00bb header_4_font=\u00bb||||||||\u00bb max_width_tablet=\u00bb700px\u00bb max_width_phone=\u00bb700px\u00bb max_width_last_edited=\u00bboff|desktop\u00bb custom_margin=\u00bb|||\u00bb custom_margin_tablet=\u00bb|0px||\u00bb custom_margin_phone=\u00bb|0px||\u00bb custom_margin_last_edited=\u00bboff|desktop\u00bb custom_padding=\u00bb20px|||\u00bb hover_enabled=\u00bb0&#8243; header_2_font_size_tablet=\u00bb30px\u00bb header_2_font_size_phone=\u00bb20px\u00bb header_2_font_size_last_edited=\u00bbon|phone\u00bb border_color_all=\u00bb#12eaa6&#8243; border_width_top=\u00bb2px\u00bb locked=\u00bboff\u00bb global_colors_info=\u00bb{}\u00bb theme_builder_area=\u00bbpost_content\u00bb sticky_enabled=\u00bb0&#8243;]<\/p>\n<p><span>La idea de nuestra actividad es lograr comunicar el sentido y significado de cada paso que damos a nuestros clientes, al tiempo que disminuimos el coste tributario y laboral.De entrada, la contabilidad, los libros y todo lo que precede a los declarativos, debemos convertirlo en algo f\u00e1cil, asequible. Y como es el fundamento de lo que luego declaramos a Hacienda, y otros organismos, si esta parte la explicamos bien, poco a poco nuestros clientes empiezan a tomar las riendas de la situaci\u00f3n legal de su empresa.Adem\u00e1s, el factor tiempo es relevante. Y por ello informamos siempre en los intervalos que pasan entre declaraci\u00f3n y declaraci\u00f3n , de los impuestos y obligaciones que se est\u00e1n generando, y as\u00ed evitamos sorpresas.La informaci\u00f3n puntual es crucial y permite tomar decisiones.<\/span><\/p>\n<p>Nuestra propia formaci\u00f3n es el primer capital con el que contamos, por lo que nuestros consultores deben desarrollarse en ambas disciplinas as\u00ed como en conocimientos de inform\u00e1tica, para poder atender las necesidades de nuestros clientes, al tiempo que disminuimos el coste tributario y laboral. Frecuentemente el consultor asignado, que seguir\u00e1 de forma personal toda la vida de la empresa-cliente, re\u00fane todos los conocimientos, por m\u00e1s que trabajamos interdisciplinarmente y siempre hay un jefe de proyecto.<\/p>\n<p>[\/et_pb_text][et_pb_image src=\u00bbhttps:\/\/ssefh.com\/wp-content\/uploads\/2023\/01\/law-firm-08.jpg\u00bb align_tablet=\u00bbcenter\u00bb align_phone=\u00bbcenter\u00bb align_last_edited=\u00bbon|desktop\u00bb _builder_version=\u00bb4.16&#8243; max_width=\u00bb98.7%\u00bb max_width_tablet=\u00bb\u00bb max_width_phone=\u00bb\u00bb max_width_last_edited=\u00bbon|tablet\u00bb module_alignment=\u00bbright\u00bb animation_style=\u00bbslide\u00bb animation_direction=\u00bbleft\u00bb animation_delay=\u00bb200ms\u00bb animation_intensity_slide=\u00bb10%\u00bb locked=\u00bboff\u00bb global_colors_info=\u00bb{}\u00bb theme_builder_area=\u00bbpost_content\u00bb custom_margin=\u00bb|||134px||\u00bb custom_padding=\u00bb|||0px||\u00bb][\/et_pb_image][\/et_pb_column][et_pb_column type=\u00bb1_2&#8243; _builder_version=\u00bb4.16&#8243; custom_padding=\u00bb14%|||\u00bb custom_padding_tablet=\u00bb0%|||\u00bb custom_padding_phone=\u00bb0%|||\u00bb custom_padding_last_edited=\u00bbon|desktop\u00bb global_colors_info=\u00bb{}\u00bb padding_tablet=\u00bb0%|||\u00bb padding_last_edited=\u00bbon|desktop\u00bb custom_padding__hover=\u00bb|||\u00bb padding_phone=\u00bb0%|||\u00bb theme_builder_area=\u00bbpost_content\u00bb][et_pb_menu _builder_version=\u00bb4.19.2&#8243; _module_preset=\u00bbdefault\u00bb menu_id=\u00bb5&#8243; hover_enabled=\u00bb0&#8243; sticky_enabled=\u00bb0&#8243; custom_margin=\u00bb-3px||32px||false|false\u00bb animation_style=\u00bbfade\u00bb locked=\u00bboff\u00bb custom_padding=\u00bb0px|||||\u00bb min_height=\u00bb29px\u00bb theme_builder_area=\u00bbpost_content\u00bb][\/et_pb_menu][et_pb_image src=\u00bbhttps:\/\/ssefh.com\/wp-content\/uploads\/2023\/01\/law-firm-03.jpg\u00bb align_tablet=\u00bbcenter\u00bb align_phone=\u00bbcenter\u00bb align_last_edited=\u00bbon|desktop\u00bb _builder_version=\u00bb4.16&#8243; max_width=\u00bb70%\u00bb max_width_tablet=\u00bb\u00bb max_width_phone=\u00bb\u00bb max_width_last_edited=\u00bbon|tablet\u00bb animation_style=\u00bbslide\u00bb animation_direction=\u00bbright\u00bb animation_delay=\u00bb400ms\u00bb animation_intensity_slide=\u00bb10%\u00bb global_colors_info=\u00bb{}\u00bb theme_builder_area=\u00bbpost_content\u00bb][\/et_pb_image][et_pb_text _builder_version=\u00bb4.19.2&#8243; header_font=\u00bb||||||||\u00bb header_2_font=\u00bb||||||||\u00bb header_3_font=\u00bb||||||||\u00bb header_4_font=\u00bbMontserrat|700||on|||||\u00bb header_4_text_color=\u00bb#a2aab2&#8243; header_4_font_size=\u00bb15px\u00bb header_4_letter_spacing=\u00bb2px\u00bb header_4_line_height=\u00bb1.6em\u00bb max_width_tablet=\u00bb700px\u00bb max_width_phone=\u00bb700px\u00bb max_width_last_edited=\u00bboff|desktop\u00bb custom_margin=\u00bb|||\u00bb custom_margin_tablet=\u00bb|0px||\u00bb custom_margin_phone=\u00bb|0px||\u00bb custom_margin_last_edited=\u00bboff|desktop\u00bb hover_enabled=\u00bb0&#8243; header_2_font_size_tablet=\u00bb30px\u00bb header_2_font_size_last_edited=\u00bboff|desktop\u00bb locked=\u00bboff\u00bb global_colors_info=\u00bb{}\u00bb theme_builder_area=\u00bbpost_content\u00bb sticky_enabled=\u00bb0&#8243;]<\/p>\n<h4>NUESTROS OBJETIVOS<\/h4>\n<p>[\/et_pb_text][et_pb_text _builder_version=\u00bb4.19.2&#8243; text_font=\u00bb||||||||\u00bb text_font_size=\u00bb16px\u00bb text_line_height=\u00bb2em\u00bb header_font=\u00bb||||||||\u00bb header_2_font=\u00bbMontserrat|800|||||||\u00bb header_2_font_size=\u00bb30px\u00bb header_2_line_height=\u00bb1.5em\u00bb header_3_font=\u00bb||||||||\u00bb header_4_font=\u00bb||||||||\u00bb max_width_tablet=\u00bb700px\u00bb max_width_phone=\u00bb700px\u00bb max_width_last_edited=\u00bboff|desktop\u00bb custom_margin=\u00bb|||\u00bb custom_margin_tablet=\u00bb|0px||\u00bb custom_margin_phone=\u00bb|0px||\u00bb custom_margin_last_edited=\u00bboff|desktop\u00bb custom_padding=\u00bb20px|||\u00bb hover_enabled=\u00bb0&#8243; header_2_font_size_tablet=\u00bb30px\u00bb header_2_font_size_phone=\u00bb20px\u00bb header_2_font_size_last_edited=\u00bbon|phone\u00bb border_color_all=\u00bb#12eaa6&#8243; border_width_top=\u00bb2px\u00bb locked=\u00bboff\u00bb global_colors_info=\u00bb{}\u00bb theme_builder_area=\u00bbpost_content\u00bb sticky_enabled=\u00bb0&#8243;]<\/p>\n<p><span>Como hemos explicado, Siss\u00f3 i Grany\u00e9 Associats, S.L. es un proyecto que implica un equipo de profesionales formado por economistas y psic\u00f3logos y dirigido a dar servicio a la PYME en distintas \u00e1reas. Uno de los objetivos fundamentales que nos motiva es \u00abahorrar\u00bb costes de estructura en su empresa, minimizando el empleo de sus Recursos Humanos en tareas mecanizables o ejecutables fuera del seno empresarial en base a cuatro estrategias fundamentales:<\/span><\/p>\n<ul>\n<li>Formaci\u00f3n de las plantillas administrativas y de enlace.<\/li>\n<li>La aplicaci\u00f3n de recursos inform\u00e1ticos que permitan disfrutar del trabajo de nuestra consultor\u00eda, contabilidad, estudios, etc. sin que sus documentos deban salir de su propia oficina .<\/li>\n<li>El contacto telef\u00f3nico de su asesor asignado permanente, el mismo que conoce todos sus asuntos. Una vez se ha asignado, siempre ser\u00e1 la misma persona.<\/li>\n<li>Nuestras visitas peri\u00f3dicas asociadas a los distintos ciclos de trabajo de su empresa, para que Vd. tampoco deba desplazarse. Tanto los medios empleados como los objetivos difieren mucho de lo que resulta habitual en \u00abgestor\u00edas\u00bb.<\/li>\n<\/ul>\n<p>[\/et_pb_text][\/et_pb_column][\/et_pb_row][\/et_pb_section]<\/p>\n","protected":false},"excerpt":{"rendered":"<p>Objetivos \u00abAhorrar\u00bb carga de estructura en su emprese, minimizando el empleo de sus Recursos Humanos.Disminuir el coste triburatio de tu empresa.Que disfrutes de un contable y fiscalista en tu oficina sin contratarloQue la documentaci\u00f3n y la propia contabilidad siempre est\u00e9 en tu despacho.NUESTRA IDEALa idea de nuestra actividad es lograr comunicar el sentido y significado [&hellip;]<\/p>\n","protected":false},"author":2,"featured_media":0,"parent":0,"menu_order":0,"comment_status":"closed","ping_status":"closed","template":"","meta":{"_et_pb_use_builder":"on","_et_pb_old_content":"","_et_gb_content_width":"","footnotes":""},"class_list":["post-118","page","type-page","status-publish","hentry"],"_links":{"self":[{"href":"https:\/\/ssefh.com\/index.php?rest_route=\/wp\/v2\/pages\/118","targetHints":{"allow":["GET"]}}],"collection":[{"href":"https:\/\/ssefh.com\/index.php?rest_route=\/wp\/v2\/pages"}],"about":[{"href":"https:\/\/ssefh.com\/index.php?rest_route=\/wp\/v2\/types\/page"}],"author":[{"embeddable":true,"href":"https:\/\/ssefh.com\/index.php?rest_route=\/wp\/v2\/users\/2"}],"replies":[{"embeddable":true,"href":"https:\/\/ssefh.com\/index.php?rest_route=%2Fwp%2Fv2%2Fcomments&post=118"}],"version-history":[{"count":8,"href":"https:\/\/ssefh.com\/index.php?rest_route=\/wp\/v2\/pages\/118\/revisions"}],"predecessor-version":[{"id":152,"href":"https:\/\/ssefh.com\/index.php?rest_route=\/wp\/v2\/pages\/118\/revisions\/152"}],"wp:attachment":[{"href":"https:\/\/ssefh.com\/index.php?rest_route=%2Fwp%2Fv2%2Fmedia&parent=118"}],"curies":[{"name":"wp","href":"https:\/\/api.w.org\/{rel}","templated":true}]}}